{"id":7540,"date":"2023-08-28T11:01:45","date_gmt":"2023-08-28T16:01:45","guid":{"rendered":"https:\/\/carbonsequestration.co\/zonas\/"},"modified":"2023-11-03T09:49:28","modified_gmt":"2023-11-03T14:49:28","slug":"areas_es","status":"publish","type":"page","link":"https:\/\/carbonsequestration.co\/es\/areas_es\/","title":{"rendered":"\u00c1reas"},"content":{"rendered":"<p>[et_pb_section fb_built=\u00bb1&#8243; fullwidth=\u00bbon\u00bb _builder_version=\u00bb4.21.0&#8243; _module_preset=\u00bbdefault\u00bb global_colors_info=\u00bb{}\u00bb][et_pb_fullwidth_image src=\u00bbhttps:\/\/carbonsequestration.co\/wp-content\/uploads\/2023\/10\/futureSeeds1.jpg\u00bb title_text=\u00bbFutureSeeds\u00bb _builder_version=\u00bb4.22.2&#8243; _module_preset=\u00bbdefault\u00bb max_height=\u00bb660px\u00bb global_colors_info=\u00bb{}\u00bb][\/et_pb_fullwidth_image][\/et_pb_section][et_pb_section fb_built=\u00bb1&#8243; _builder_version=\u00bb4.22.2&#8243; _module_preset=\u00bbdefault\u00bb background_image=\u00bbhttps:\/\/carbonsequestration.co\/wp-content\/uploads\/2023\/08\/TEXTURA.png\u00bb global_colors_info=\u00bb{}\u00bb][et_pb_row _builder_version=\u00bb4.21.0&#8243; _module_preset=\u00bbdefault\u00bb global_colors_info=\u00bb{}\u00bb][et_pb_column type=\u00bb4_4&#8243; _builder_version=\u00bb4.21.0&#8243; _module_preset=\u00bbdefault\u00bb global_colors_info=\u00bb{}\u00bb][et_pb_text _builder_version=\u00bb4.22.2&#8243; _module_preset=\u00bbdefault\u00bb header_text_color=\u00bb#0f2f4f\u00bb global_colors_info=\u00bb{}\u00bb]<\/p>\n<h1><strong>El impacto de nuestra <\/strong><strong>investigaci\u00f3n<\/strong><\/h1>\n<p>[\/et_pb_text][et_pb_text _builder_version=\u00bb4.22.2&#8243; _module_preset=\u00bbdefault\u00bb global_colors_info=\u00bb{}\u00bb]<\/p>\n<p>En el proyecto de Secuestro de Carbono hay seis \u00e1reas dedicadas a la investigaci\u00f3n, cada una con el mismo objetivo principal: Secuestro de Carbono. Sin embargo, cada una de estas \u00e1reas desarrolla sus propias metodolog\u00edas y utiliza tecnolog\u00edas innovadoras.<br \/>Cada enfoque aporta una perspectiva valiosa y contribuye con estrategias para abordar este reto global. En esta secci\u00f3n encontrar\u00e1 enlaces directos a las p\u00e1ginas de cada \u00e1rea, donde podr\u00e1 explorar en detalle las metodolog\u00edas, tecnolog\u00edas y avances de investigaci\u00f3n que est\u00e1n dando forma a nuestro proyecto. Sum\u00e9rjase en un mundo de innovaci\u00f3n y descubrimiento, y conozca de cerca el trabajo de nuestros equipos multidisciplinarios mientras colaboran para combatir el cambio clim\u00e1tico.<\/p>\n<p>[\/et_pb_text][\/et_pb_column][\/et_pb_row][et_pb_row _builder_version=\u00bb4.21.0&#8243; _module_preset=\u00bbdefault\u00bb global_colors_info=\u00bb{}\u00bb][et_pb_column type=\u00bb4_4&#8243; _builder_version=\u00bb4.21.0&#8243; _module_preset=\u00bbdefault\u00bb global_colors_info=\u00bb{}\u00bb][et_pb_text _builder_version=\u00bb4.22.2&#8243; _module_preset=\u00bbdefault\u00bb header_text_color=\u00bb#0f2f4f\u00bb global_colors_info=\u00bb{}\u00bb]<\/p>\n<h1><strong>El impacto de nuestras <\/strong><strong>\u00e1reas de investigaci\u00f3n<\/strong><\/h1>\n<p>[\/et_pb_text][\/et_pb_column][\/et_pb_row][et_pb_row column_structure=\u00bb1_3,1_3,1_3&#8243; _builder_version=\u00bb4.21.0&#8243; _module_preset=\u00bbdefault\u00bb global_colors_info=\u00bb{}\u00bb][et_pb_column type=\u00bb1_3&#8243; _builder_version=\u00bb4.21.0&#8243; _module_preset=\u00bbdefault\u00bb global_colors_info=\u00bb{}\u00bb][et_pb_blurb title=\u00bbForrajes\u00bb image=\u00bbhttps:\/\/carbonsequestration.co\/wp-content\/uploads\/2023\/10\/ICON-01.jpg\u00bb alt=\u00bbLogotipo de captura de carbono\u00bb content_max_width=\u00bb280px\u00bb admin_label=\u00bbForages\u00bb _builder_version=\u00bb4.23&#8243; _module_preset=\u00bbdefault\u00bb header_level=\u00bbh3&#8243; header_font=\u00bb|700|||||||\u00bb header_text_align=\u00bbcenter\u00bb text_orientation=\u00bbcenter\u00bb custom_padding=\u00bb15px||8px||false|false\u00bb link_option_url=\u00bbhttps:\/\/carbonsequestration.co\/es\/forrajes\/\u00bb border_radii=\u00bbon|20px|20px|20px|20px\u00bb box_shadow_style=\u00bbpreset1&#8243; box_shadow_vertical=\u00bb0px\u00bb box_shadow_blur=\u00bb0px\u00bb box_shadow_vertical_last_edited=\u00bboff|desktop\u00bb global_colors_info=\u00bb{}\u00bb box_shadow_vertical__hover_enabled=\u00bbon|hover\u00bb box_shadow_blur__hover_enabled=\u00bbon|hover\u00bb box_shadow_blur__hover=\u00bb20px\u00bb box_shadow_vertical__hover=\u00bb9px\u00bb][\/et_pb_blurb][et_pb_blurb title=\u00bbSuelos\u00bb image=\u00bbhttps:\/\/carbonsequestration.co\/wp-content\/uploads\/2023\/10\/ICON-03.jpg\u00bb alt=\u00bbCarbon Sequestration Logo\u00bb content_max_width=\u00bb280px\u00bb admin_label=\u00bbSuelos\u00bb _builder_version=\u00bb4.23&#8243; _module_preset=\u00bbdefault\u00bb header_level=\u00bbh3&#8243; header_font=\u00bb|700|||||||\u00bb header_text_align=\u00bbcenter\u00bb text_orientation=\u00bbcenter\u00bb custom_padding=\u00bb15px||8px||false|false\u00bb link_option_url=\u00bbhttps:\/\/carbonsequestration.co\/es\/suelos\/\u00bb border_radii=\u00bbon|20px|20px|20px|20px\u00bb box_shadow_style=\u00bbpreset1&#8243; box_shadow_vertical=\u00bb0px\u00bb box_shadow_blur=\u00bb0px\u00bb box_shadow_vertical_last_edited=\u00bboff|desktop\u00bb locked=\u00bboff\u00bb global_colors_info=\u00bb{}\u00bb box_shadow_vertical__hover_enabled=\u00bbon|hover\u00bb box_shadow_blur__hover_enabled=\u00bbon|hover\u00bb box_shadow_blur__hover=\u00bb20px\u00bb box_shadow_vertical__hover=\u00bb9px\u00bb][\/et_pb_blurb][\/et_pb_column][et_pb_column type=\u00bb1_3&#8243; _builder_version=\u00bb4.21.0&#8243; _module_preset=\u00bbdefault\u00bb global_colors_info=\u00bb{}\u00bb][et_pb_blurb title=\u00bbEdici\u00f3n Gen\u00e9tica\u00bb image=\u00bbhttps:\/\/carbonsequestration.co\/wp-content\/uploads\/2023\/10\/ICON-05.jpg\u00bb alt=\u00bbLogotipo de captura de carbono\u00bb content_max_width=\u00bb280px\u00bb admin_label=\u00bbGenes\u00bb _builder_version=\u00bb4.23&#8243; _module_preset=\u00bbdefault\u00bb header_level=\u00bbh3&#8243; header_font=\u00bb|700|||||||\u00bb header_text_align=\u00bbcenter\u00bb text_orientation=\u00bbcenter\u00bb custom_padding=\u00bb15px||8px||false|false\u00bb link_option_url=\u00bbhttps:\/\/carbonsequestration.co\/es\/edicion-genetica\/\u00bb border_radii=\u00bbon|20px|20px|20px|20px\u00bb box_shadow_style=\u00bbpreset1&#8243; box_shadow_vertical=\u00bb0px\u00bb box_shadow_blur=\u00bb0px\u00bb box_shadow_vertical_last_edited=\u00bboff|desktop\u00bb global_colors_info=\u00bb{}\u00bb box_shadow_vertical__hover_enabled=\u00bbon|hover\u00bb box_shadow_blur__hover_enabled=\u00bbon|hover\u00bb box_shadow_blur__hover=\u00bb20px\u00bb box_shadow_vertical__hover=\u00bb9px\u00bb][\/et_pb_blurb][et_pb_blurb title=\u00bbArroz\u00bb image=\u00bbhttps:\/\/carbonsequestration.co\/wp-content\/uploads\/2023\/11\/MicrosoftTeams-image-10.jpg\u00bb alt=\u00bbCarbon Sequestration Logo\u00bb content_max_width=\u00bb280px\u00bb admin_label=\u00bbArroz\u00bb _builder_version=\u00bb4.23&#8243; _module_preset=\u00bbdefault\u00bb header_level=\u00bbh3&#8243; header_font=\u00bb|700|||||||\u00bb header_text_align=\u00bbcenter\u00bb text_orientation=\u00bbcenter\u00bb custom_padding=\u00bb15px||8px||false|false\u00bb link_option_url=\u00bbhttps:\/\/carbonsequestration.co\/es\/arroz\/\u00bb hover_enabled=\u00bb0&#8243; border_radii=\u00bbon|20px|20px|20px|20px\u00bb box_shadow_style=\u00bbpreset1&#8243; box_shadow_vertical=\u00bb0px\u00bb box_shadow_blur=\u00bb0px\u00bb box_shadow_vertical_last_edited=\u00bboff|desktop\u00bb locked=\u00bboff\u00bb global_colors_info=\u00bb{}\u00bb box_shadow_vertical__hover_enabled=\u00bbon|hover\u00bb box_shadow_blur__hover_enabled=\u00bbon|hover\u00bb box_shadow_blur__hover=\u00bb20px\u00bb box_shadow_vertical__hover=\u00bb9px\u00bb sticky_enabled=\u00bb0&#8243;][\/et_pb_blurb][\/et_pb_column][et_pb_column type=\u00bb1_3&#8243; _builder_version=\u00bb4.22.2&#8243; _module_preset=\u00bbdefault\u00bb global_colors_info=\u00bb{}\u00bb][et_pb_blurb title=\u00bbAgricultura Digital\u00bb image=\u00bbhttps:\/\/carbonsequestration.co\/wp-content\/uploads\/2023\/10\/ICON-04.jpg\u00bb alt=\u00bbLogotipo de captura de carbono\u00bb content_max_width=\u00bb280px\u00bb admin_label=\u00bbAgricultura Digital\u00bb _builder_version=\u00bb4.23&#8243; _module_preset=\u00bbdefault\u00bb header_level=\u00bbh3&#8243; header_font=\u00bb|700|||||||\u00bb header_text_align=\u00bbcenter\u00bb text_orientation=\u00bbcenter\u00bb custom_padding=\u00bb15px||8px||false|false\u00bb link_option_url=\u00bbhttps:\/\/carbonsequestration.co\/es\/agricultura-digital\/\u00bb border_radii=\u00bbon|20px|20px|20px|20px\u00bb box_shadow_style=\u00bbpreset1&#8243; box_shadow_vertical=\u00bb0px\u00bb box_shadow_blur=\u00bb0px\u00bb box_shadow_vertical_last_edited=\u00bboff|desktop\u00bb global_colors_info=\u00bb{}\u00bb box_shadow_vertical__hover_enabled=\u00bbon|hover\u00bb box_shadow_blur__hover_enabled=\u00bbon|hover\u00bb box_shadow_blur__hover=\u00bb20px\u00bb box_shadow_vertical__hover=\u00bb9px\u00bb][\/et_pb_blurb][\/et_pb_column][\/et_pb_row][\/et_pb_section][et_pb_section fb_built=\u00bb1&#8243; _builder_version=\u00bb4.21.0&#8243; _module_preset=\u00bbdefault\u00bb background_color=\u00bb#0f2f4f\u00bb locked=\u00bboff\u00bb global_colors_info=\u00bb{}\u00bb][et_pb_row column_structure=\u00bb1_4,1_4,1_4,1_4&#8243; _builder_version=\u00bb4.21.0&#8243; _module_preset=\u00bbdefault\u00bb global_colors_info=\u00bb{}\u00bb][et_pb_column type=\u00bb1_4&#8243; _builder_version=\u00bb4.21.0&#8243; _module_preset=\u00bbdefault\u00bb global_colors_info=\u00bb{}\u00bb][et_pb_image src=\u00bbhttps:\/\/carbonsequestration.co\/wp-content\/uploads\/2023\/08\/LOGOCIATBEZOS_ENG.png\u00bb alt=\u00bbLOGO CIAT BEZOS\u00bb title_text=\u00bbLOGOCIAT+BEZOS\u00bb _builder_version=\u00bb4.21.0&#8243; _module_preset=\u00bbdefault\u00bb global_colors_info=\u00bb{}\u00bb][\/et_pb_image][et_pb_text _builder_version=\u00bb4.22.2&#8243; _module_preset=\u00bbdefault\u00bb text_text_color=\u00bb#FFFFFF\u00bb link_text_color=\u00bb#FFFFFF\u00bb global_colors_info=\u00bb{}\u00bb]<\/p>\n<p>La Alianza de Bioversity International y el CIAT forma parte del <a href=\"https:\/\/www.cgiar.org\/\" target=\"_blank\" rel=\"noreferrer noopener\" data-type=\"URL\" data-id=\"https:\/\/www.cgiar.org\/\">CGIAR<\/a>, una asociaci\u00f3n mundial de investigaci\u00f3n para un futuro con seguridad alimentaria.<\/p>\n<p>[\/et_pb_text][\/et_pb_column][et_pb_column type=\u00bb1_4&#8243; _builder_version=\u00bb4.21.0&#8243; _module_preset=\u00bbdefault\u00bb global_colors_info=\u00bb{}\u00bb][et_pb_text _builder_version=\u00bb4.22.2&#8243; _module_preset=\u00bbdefault\u00bb header_font=\u00bb|700|||||||\u00bb header_text_color=\u00bb#FFFFFF\u00bb header_3_font=\u00bb|700|||||||\u00bb header_3_text_color=\u00bb#FFFFFF\u00bb global_colors_info=\u00bb{}\u00bb]<\/p>\n<h3>Sobre Nosotros<\/h3>\n<p>[\/et_pb_text][et_pb_text _builder_version=\u00bb4.22.2&#8243; _module_preset=\u00bbdefault\u00bb text_line_height=\u00bb1em\u00bb link_text_color=\u00bb#FFFFFF\u00bb global_colors_info=\u00bb{}\u00bb]<\/p>\n<p><a href=\"https:\/\/www.cgiar.org\/\" data-type=\"link\" data-id=\"https:\/\/www.cgiar.org\/\">CGIAR<\/a><\/p>\n<p><a href=\"https:\/\/alliancebioversityciat.org\/\" data-type=\"link\" data-id=\"https:\/\/alliancebioversityciat.org\/\">Alianza Bioversity &amp; CIAT<\/a><\/p>\n<p><a href=\"https:\/\/alliancebioversityciat.org\/research-themes\/crops-nutrition-health\" data-type=\"link\" data-id=\"https:\/\/alliancebioversityciat.org\/research-themes\/crops-nutrition-health\">Cultivos para la nutrici\u00f3n y la salud<\/a><\/p>\n<p><a href=\"https:\/\/alliancebioversityciat.org\/crops?mtm_campaign=CropsSocial&amp;mtm_source=Internal&amp;mtm_medium=ToolkitEnglish&amp;mtm_content=CropsLandingPage\" data-type=\"link\" data-id=\"https:\/\/alliancebioversityciat.org\/crops?mtm_campaign=CropsSocial&amp;mtm_source=Internal&amp;mtm_medium=ToolkitEnglish&amp;mtm_content=CropsLandingPage\">Cultivos<\/a><\/p>\n<p><a href=\"https:\/\/alliancebioversityciat.org\/careers\" data-type=\"link\" data-id=\"https:\/\/alliancebioversityciat.org\/careers\">Carreras profesionales<\/a><\/p>\n<p>[\/et_pb_text][\/et_pb_column][et_pb_column type=\u00bb1_4&#8243; _builder_version=\u00bb4.21.0&#8243; _module_preset=\u00bbdefault\u00bb global_colors_info=\u00bb{}\u00bb][et_pb_text _builder_version=\u00bb4.23&#8243; _module_preset=\u00bbdefault\u00bb header_font=\u00bb|700|||||||\u00bb header_text_color=\u00bb#FFFFFF\u00bb header_3_font=\u00bb|700|||||||\u00bb header_3_text_color=\u00bb#FFFFFF\u00bb global_colors_info=\u00bb{}\u00bb]<\/p>\n<h3>Siguenos<\/h3>\n<p>[\/et_pb_text][et_pb_blurb image=\u00bbhttps:\/\/carbonsequestration.co\/wp-content\/uploads\/2023\/08\/FacebookC.png\u00bb icon_placement=\u00bbleft\u00bb _builder_version=\u00bb4.21.0&#8243; _module_preset=\u00bbdefault\u00bb body_link_text_color=\u00bb#FFFFFF\u00bb background_layout=\u00bbdark\u00bb global_colors_info=\u00bb{}\u00bb]<\/p>\n<p><a href=\"https:\/\/www.facebook.com\/BiovIntCIAT.eng\/\" data-type=\"link\" data-id=\"https:\/\/www.facebook.com\/BiovIntCIAT.eng\/\">Ingl\u00e9s<\/a> | <a href=\"https:\/\/www.facebook.com\/BiovIntCIAT.esp\/\" data-type=\"link\" data-id=\"https:\/\/www.facebook.com\/BiovIntCIAT.esp\/\">Espa\u00f1ol<\/a><\/p>\n<p>[\/et_pb_blurb][et_pb_blurb image=\u00bbhttps:\/\/carbonsequestration.co\/wp-content\/uploads\/2023\/08\/TwitterB.png\u00bb icon_placement=\u00bbleft\u00bb _builder_version=\u00bb4.21.0&#8243; _module_preset=\u00bbdefault\u00bb body_link_text_color=\u00bb#FFFFFF\u00bb background_layout=\u00bbdark\u00bb global_colors_info=\u00bb{}\u00bb]<\/p>\n<p><a href=\"https:\/\/twitter.com\/BiovIntCIAT_eng\" data-type=\"link\" data-id=\"https:\/\/twitter.com\/BiovIntCIAT_eng\">Ingl\u00e9s<\/a> | <a href=\"https:\/\/twitter.com\/BiovIntCIAT_esp\" data-type=\"link\" data-id=\"https:\/\/twitter.com\/BiovIntCIAT_esp\">Espa\u00f1ol<\/a><\/p>\n<p>[\/et_pb_blurb][et_pb_blurb image=\u00bbhttps:\/\/carbonsequestration.co\/wp-content\/uploads\/2023\/08\/LinkedInB.png\u00bb icon_placement=\u00bbleft\u00bb _builder_version=\u00bb4.21.0&#8243; _module_preset=\u00bbdefault\u00bb body_link_text_color=\u00bb#FFFFFF\u00bb background_layout=\u00bbdark\u00bb global_colors_info=\u00bb{}\u00bb]<\/p>\n<p><a href=\"https:\/\/www.linkedin.com\/company\/ciat\/mycompany\/\" data-type=\"link\" data-id=\"https:\/\/www.linkedin.com\/company\/ciat\/mycompany\/\">CIAT<\/a> | <a href=\"https:\/\/www.linkedin.com\/company\/bioversity-international\/\" data-type=\"link\" data-id=\"https:\/\/www.linkedin.com\/company\/bioversity-international\/\">Alianza<\/a><\/p>\n<p>[\/et_pb_blurb][et_pb_blurb image=\u00bbhttps:\/\/carbonsequestration.co\/wp-content\/uploads\/2023\/08\/InstagramB.png\u00bb icon_placement=\u00bbleft\u00bb _builder_version=\u00bb4.21.0&#8243; _module_preset=\u00bbdefault\u00bb body_link_text_color=\u00bb#FFFFFF\u00bb background_layout=\u00bbdark\u00bb global_colors_info=\u00bb{}\u00bb]<\/p>\n<p><a href=\"https:\/\/www.instagram.com\/bioversityciat\/\">@bioversityciat<\/a><\/p>\n<p>[\/et_pb_blurb][\/et_pb_column][et_pb_column type=\u00bb1_4&#8243; _builder_version=\u00bb4.21.0&#8243; _module_preset=\u00bbdefault\u00bb global_colors_info=\u00bb{}\u00bb][et_pb_text _builder_version=\u00bb4.22.2&#8243; _module_preset=\u00bbdefault\u00bb header_font=\u00bb|700|||||||\u00bb header_text_color=\u00bb#FFFFFF\u00bb header_3_font=\u00bb|700|||||||\u00bb header_3_text_color=\u00bb#FFFFFF\u00bb global_colors_info=\u00bb{}\u00bb]<\/p>\n<h3>Contacto<\/h3>\n<p>[\/et_pb_text][et_pb_text _builder_version=\u00bb4.21.0&#8243; _module_preset=\u00bbdefault\u00bb text_text_color=\u00bb#FFFFFF\u00bb text_line_height=\u00bb1em\u00bb link_text_color=\u00bb#FFFFFF\u00bb global_colors_info=\u00bb{}\u00bb]<\/p>\n<p>Alianza de Bioversity International y el CIAT<\/p>\n<p>Centro Latinoamericano<\/p>\n<p>Palmira &#8211; Colombia<\/p>\n<p>Direcci\u00f3n: <a href=\"https:\/\/goo.gl\/maps\/Dhq5kurh17QPZqG28\" target=\"_blank\" rel=\"noreferrer noopener\" data-type=\"URL\" data-id=\"https:\/\/goo.gl\/maps\/Dhq5kurh17QPZqG28\">Km 17 Recta Cali-Palmira<\/a><\/p>\n<p>Tel\u00e9fono: <a href=\"tel:(+57)%206024450000\" target=\"_blank\" rel=\"noreferrer noopener\" data-type=\"tel\" data-id=\"tel:(+57) 6024450000\">(+57) 6024450000<\/a><\/p>\n<p>[\/et_pb_text][\/et_pb_column][\/et_pb_row][\/et_pb_section]<\/p>\n","protected":false},"excerpt":{"rendered":"<p>El impacto de nuestra investigaci\u00f3nEn el proyecto de Secuestro de Carbono hay seis \u00e1reas dedicadas a la investigaci\u00f3n, cada una con el mismo objetivo principal: Secuestro de Carbono. Sin embargo, cada una de estas \u00e1reas desarrolla sus propias metodolog\u00edas y utiliza tecnolog\u00edas innovadoras.Cada enfoque aporta una perspectiva valiosa y contribuye con estrategias para abordar este reto global. En esta secci\u00f3n encontrar\u00e1 enlaces directos a las p\u00e1ginas de cada \u00e1rea, donde podr\u00e1 explorar en detalle las metodolog\u00edas, tecnolog\u00edas y avances de investigaci\u00f3n que est\u00e1n dando forma a nuestro proyecto. Sum\u00e9rjase en un mundo de innovaci\u00f3n y descubrimiento, y conozca de cerca el trabajo de nuestros equipos multidisciplinarios mientras colaboran para combatir el cambio clim\u00e1tico.El impacto de nuestras \u00e1reas de investigaci\u00f3nLa Alianza de Bioversity International y el CIAT forma parte del CGIAR, una asociaci\u00f3n mundial de investigaci\u00f3n para un futuro con seguridad alimentaria.Sobre NosotrosCGIAR Alianza Bioversity &amp; CIAT Cultivos para la nutrici\u00f3n y la salud Cultivos Carreras profesionalesSiguenosIngl\u00e9s | Espa\u00f1olIngl\u00e9s | Espa\u00f1olCIAT | Alianza@bioversityciatContactoAlianza de Bioversity International y el CIAT Centro Latinoamericano Palmira &#8211; Colombia Direcci\u00f3n: Km 17 Recta Cali-Palmira Tel\u00e9fono: (+57) 6024450000<\/p>\n","protected":false},"author":2,"featured_media":0,"parent":0,"menu_order":0,"comment_status":"closed","ping_status":"closed","template":"","meta":{"_et_pb_use_builder":"on","_et_pb_old_content":"","_et_gb_content_width":"","inline_featured_image":false,"footnotes":""},"class_list":["post-7540","page","type-page","status-publish","hentry"],"yoast_head":"<!-- This site is optimized with the Yoast SEO plugin v27.0 - https:\/\/yoast.com\/product\/yoast-seo-wordpress\/ -->\n<title>\u00c1reas - Carbon Sequestration<\/title>\n<meta name=\"robots\" content=\"index, follow, max-snippet:-1, max-image-preview:large, max-video-preview:-1\" \/>\n<link rel=\"canonical\" href=\"https:\/\/carbonsequestration.co\/es\/areas_es\/\" \/>\n<meta property=\"og:locale\" content=\"es_ES\" \/>\n<meta property=\"og:type\" content=\"article\" \/>\n<meta property=\"og:title\" content=\"\u00c1reas - Carbon Sequestration\" \/>\n<meta property=\"og:url\" content=\"https:\/\/carbonsequestration.co\/es\/areas_es\/\" \/>\n<meta property=\"og:site_name\" content=\"Carbon Sequestration\" \/>\n<meta property=\"article:publisher\" content=\"https:\/\/www.facebook.com\/BiovIntCIAT.eng\/\" \/>\n<meta property=\"article:modified_time\" content=\"2023-11-03T14:49:28+00:00\" \/>\n<meta property=\"og:image\" content=\"https:\/\/carbonsequestration.co\/wp-content\/uploads\/2023\/07\/cropped-FS-Multilanguage-logo.png\" \/>\n\t<meta property=\"og:image:width\" content=\"512\" \/>\n\t<meta property=\"og:image:height\" content=\"512\" \/>\n\t<meta property=\"og:image:type\" content=\"image\/png\" \/>\n<meta name=\"twitter:card\" content=\"summary_large_image\" \/>\n<meta name=\"twitter:site\" content=\"@BiovIntCIAT_eng\" \/>\n<meta name=\"twitter:label1\" content=\"Tiempo de lectura\" \/>\n\t<meta name=\"twitter:data1\" content=\"3 minutos\" \/>\n<script type=\"application\/ld+json\" class=\"yoast-schema-graph\">{\"@context\":\"https:\/\/schema.org\",\"@graph\":[{\"@type\":\"WebPage\",\"@id\":\"https:\/\/carbonsequestration.co\/es\/areas_es\/\",\"url\":\"https:\/\/carbonsequestration.co\/es\/areas_es\/\",\"name\":\"\u00c1reas - Carbon Sequestration\",\"isPartOf\":{\"@id\":\"https:\/\/carbonsequestration.co\/#website\"},\"datePublished\":\"2023-08-28T16:01:45+00:00\",\"dateModified\":\"2023-11-03T14:49:28+00:00\",\"breadcrumb\":{\"@id\":\"https:\/\/carbonsequestration.co\/es\/areas_es\/#breadcrumb\"},\"inLanguage\":\"es\",\"potentialAction\":[{\"@type\":\"ReadAction\",\"target\":[\"https:\/\/carbonsequestration.co\/es\/areas_es\/\"]}]},{\"@type\":\"BreadcrumbList\",\"@id\":\"https:\/\/carbonsequestration.co\/es\/areas_es\/#breadcrumb\",\"itemListElement\":[{\"@type\":\"ListItem\",\"position\":1,\"name\":\"Home\",\"item\":\"https:\/\/carbonsequestration.co\/es\/\"},{\"@type\":\"ListItem\",\"position\":2,\"name\":\"\u00c1reas\"}]},{\"@type\":\"WebSite\",\"@id\":\"https:\/\/carbonsequestration.co\/#website\",\"url\":\"https:\/\/carbonsequestration.co\/\",\"name\":\"Carbon Sequestration\",\"description\":\"The Carbon Sequestration project focuses on using genetic diversity and developing new root ideotypes of tropical forage grass and rice for improving carbon assimilation via photosynthesis and deep rooting ability that contribute to enhanced carbon storage in tropical soils\",\"publisher\":{\"@id\":\"https:\/\/carbonsequestration.co\/#organization\"},\"alternateName\":\"carbonsequestration.co\",\"potentialAction\":[{\"@type\":\"SearchAction\",\"target\":{\"@type\":\"EntryPoint\",\"urlTemplate\":\"https:\/\/carbonsequestration.co\/?s={search_term_string}\"},\"query-input\":{\"@type\":\"PropertyValueSpecification\",\"valueRequired\":true,\"valueName\":\"search_term_string\"}}],\"inLanguage\":\"es\"},{\"@type\":\"Organization\",\"@id\":\"https:\/\/carbonsequestration.co\/#organization\",\"name\":\"Future Seeds\",\"url\":\"https:\/\/carbonsequestration.co\/\",\"logo\":{\"@type\":\"ImageObject\",\"inLanguage\":\"es\",\"@id\":\"https:\/\/carbonsequestration.co\/#\/schema\/logo\/image\/\",\"url\":\"https:\/\/carbonsequestration.co\/wp-content\/uploads\/2023\/07\/cropped-FS-Multilanguage-logo.png\",\"contentUrl\":\"https:\/\/carbonsequestration.co\/wp-content\/uploads\/2023\/07\/cropped-FS-Multilanguage-logo.png\",\"width\":512,\"height\":512,\"caption\":\"Future Seeds\"},\"image\":{\"@id\":\"https:\/\/carbonsequestration.co\/#\/schema\/logo\/image\/\"},\"sameAs\":[\"https:\/\/www.facebook.com\/BiovIntCIAT.eng\/\",\"https:\/\/x.com\/BiovIntCIAT_eng\",\"https:\/\/www.linkedin.com\/company\/ciat\/mycompany\/\",\"https:\/\/www.instagram.com\/bioversityciat\/\"]}]}<\/script>\n<!-- \/ Yoast SEO plugin. -->","yoast_head_json":{"title":"\u00c1reas - Carbon Sequestration","robots":{"index":"index","follow":"follow","max-snippet":"max-snippet:-1","max-image-preview":"max-image-preview:large","max-video-preview":"max-video-preview:-1"},"canonical":"https:\/\/carbonsequestration.co\/es\/areas_es\/","og_locale":"es_ES","og_type":"article","og_title":"\u00c1reas - Carbon Sequestration","og_url":"https:\/\/carbonsequestration.co\/es\/areas_es\/","og_site_name":"Carbon Sequestration","article_publisher":"https:\/\/www.facebook.com\/BiovIntCIAT.eng\/","article_modified_time":"2023-11-03T14:49:28+00:00","og_image":[{"width":512,"height":512,"url":"https:\/\/carbonsequestration.co\/wp-content\/uploads\/2023\/07\/cropped-FS-Multilanguage-logo.png","type":"image\/png"}],"twitter_card":"summary_large_image","twitter_site":"@BiovIntCIAT_eng","twitter_misc":{"Tiempo de lectura":"3 minutos"},"schema":{"@context":"https:\/\/schema.org","@graph":[{"@type":"WebPage","@id":"https:\/\/carbonsequestration.co\/es\/areas_es\/","url":"https:\/\/carbonsequestration.co\/es\/areas_es\/","name":"\u00c1reas - Carbon Sequestration","isPartOf":{"@id":"https:\/\/carbonsequestration.co\/#website"},"datePublished":"2023-08-28T16:01:45+00:00","dateModified":"2023-11-03T14:49:28+00:00","breadcrumb":{"@id":"https:\/\/carbonsequestration.co\/es\/areas_es\/#breadcrumb"},"inLanguage":"es","potentialAction":[{"@type":"ReadAction","target":["https:\/\/carbonsequestration.co\/es\/areas_es\/"]}]},{"@type":"BreadcrumbList","@id":"https:\/\/carbonsequestration.co\/es\/areas_es\/#breadcrumb","itemListElement":[{"@type":"ListItem","position":1,"name":"Home","item":"https:\/\/carbonsequestration.co\/es\/"},{"@type":"ListItem","position":2,"name":"\u00c1reas"}]},{"@type":"WebSite","@id":"https:\/\/carbonsequestration.co\/#website","url":"https:\/\/carbonsequestration.co\/","name":"Carbon Sequestration","description":"The Carbon Sequestration project focuses on using genetic diversity and developing new root ideotypes of tropical forage grass and rice for improving carbon assimilation via photosynthesis and deep rooting ability that contribute to enhanced carbon storage in tropical soils","publisher":{"@id":"https:\/\/carbonsequestration.co\/#organization"},"alternateName":"carbonsequestration.co","potentialAction":[{"@type":"SearchAction","target":{"@type":"EntryPoint","urlTemplate":"https:\/\/carbonsequestration.co\/?s={search_term_string}"},"query-input":{"@type":"PropertyValueSpecification","valueRequired":true,"valueName":"search_term_string"}}],"inLanguage":"es"},{"@type":"Organization","@id":"https:\/\/carbonsequestration.co\/#organization","name":"Future Seeds","url":"https:\/\/carbonsequestration.co\/","logo":{"@type":"ImageObject","inLanguage":"es","@id":"https:\/\/carbonsequestration.co\/#\/schema\/logo\/image\/","url":"https:\/\/carbonsequestration.co\/wp-content\/uploads\/2023\/07\/cropped-FS-Multilanguage-logo.png","contentUrl":"https:\/\/carbonsequestration.co\/wp-content\/uploads\/2023\/07\/cropped-FS-Multilanguage-logo.png","width":512,"height":512,"caption":"Future Seeds"},"image":{"@id":"https:\/\/carbonsequestration.co\/#\/schema\/logo\/image\/"},"sameAs":["https:\/\/www.facebook.com\/BiovIntCIAT.eng\/","https:\/\/x.com\/BiovIntCIAT_eng","https:\/\/www.linkedin.com\/company\/ciat\/mycompany\/","https:\/\/www.instagram.com\/bioversityciat\/"]}]}},"_links":{"self":[{"href":"https:\/\/carbonsequestration.co\/es\/wp-json\/wp\/v2\/pages\/7540","targetHints":{"allow":["GET"]}}],"collection":[{"href":"https:\/\/carbonsequestration.co\/es\/wp-json\/wp\/v2\/pages"}],"about":[{"href":"https:\/\/carbonsequestration.co\/es\/wp-json\/wp\/v2\/types\/page"}],"author":[{"embeddable":true,"href":"https:\/\/carbonsequestration.co\/es\/wp-json\/wp\/v2\/users\/2"}],"replies":[{"embeddable":true,"href":"https:\/\/carbonsequestration.co\/es\/wp-json\/wp\/v2\/comments?post=7540"}],"version-history":[{"count":14,"href":"https:\/\/carbonsequestration.co\/es\/wp-json\/wp\/v2\/pages\/7540\/revisions"}],"predecessor-version":[{"id":7731,"href":"https:\/\/carbonsequestration.co\/es\/wp-json\/wp\/v2\/pages\/7540\/revisions\/7731"}],"wp:attachment":[{"href":"https:\/\/carbonsequestration.co\/es\/wp-json\/wp\/v2\/media?parent=7540"}],"curies":[{"name":"wp","href":"https:\/\/api.w.org\/{rel}","templated":true}]}}